{"id":705,"date":"2021-04-20T21:29:33","date_gmt":"2021-04-20T19:29:33","guid":{"rendered":"https:\/\/skogenbarnehage.no\/?page_id=705"},"modified":"2025-02-07T09:36:23","modified_gmt":"2025-02-07T08:36:23","slug":"barnehagen-var","status":"publish","type":"page","link":"https:\/\/skogenbarnehage.no\/?page_id=705","title":{"rendered":"Barnehagen v\u00e5r"},"content":{"rendered":"\t\t<div data-elementor-type=\"wp-page\" data-elementor-id=\"705\" class=\"elementor elementor-705\">\n\t\t\t\t\t\t<section class=\"elementor-section elementor-top-section elementor-element elementor-element-87696e6 elementor-section-boxed elementor-section-height-default elementor-section-height-default\" data-id=\"87696e6\" data-element_type=\"section\" data-e-type=\"section\">\n\t\t\t\t\t\t<div class=\"elementor-container elementor-column-gap-default\">\n\t\t\t\t\t<div class=\"elementor-column elementor-col-100 elementor-top-column elementor-element elementor-element-90647f2\" data-id=\"90647f2\" data-element_type=\"column\" data-e-type=\"column\">\n\t\t\t<div class=\"elementor-widget-wrap elementor-element-populated\">\n\t\t\t\t\t\t<div class=\"elementor-element elementor-element-b315141 elementor-widget elementor-widget-heading\" data-id=\"b315141\" data-element_type=\"widget\" data-e-type=\"widget\" data-widget_type=\"heading.default\">\n\t\t\t\t<div class=\"elementor-widget-container\">\n\t\t\t\t\t<h2 class=\"elementor-heading-title elementor-size-default\"><p>\n  <span style='color:#428b54'>B<\/span>\n  <span style='color: #d57926'>A<\/span>\n  <span style='color: #95221d'>R<\/span>\n  <span style='color: #428b54'>N<\/span>\n  <span style='color:#d57926'>E<\/span>\n  <span style='color: #95221d'>H<\/span>\n  <span style='color: #428b54'>A<\/span>\n <span style='color: #d57926'>G<\/span>\n\n\n  <span style='color: #95221d'>E<\/span>\n<span style='color: #428b54'>N<\/span>\n  &nbsp;\n\n<span style='color: #d57926'>V<\/span>\n<span style='color: #95221d'>\u00c5<\/span>\n  <span style='color: #428b54'>R<\/span>\n\n\n<\/p><\/h2>\t\t\t\t<\/div>\n\t\t\t\t<\/div>\n\t\t\t\t\t<\/div>\n\t\t<\/div>\n\t\t\t\t\t<\/div>\n\t\t<\/section>\n\t\t\t\t<section class=\"elementor-section elementor-top-section elementor-element elementor-element-9bd2f6d elementor-section-boxed elementor-section-height-default elementor-section-height-default\" data-id=\"9bd2f6d\" data-element_type=\"section\" data-e-type=\"section\">\n\t\t\t\t\t\t<div class=\"elementor-container elementor-column-gap-default\">\n\t\t\t\t\t<div class=\"elementor-column elementor-col-100 elementor-top-column elementor-element elementor-element-0899223\" data-id=\"0899223\" data-element_type=\"column\" data-e-type=\"column\">\n\t\t\t<div class=\"elementor-widget-wrap elementor-element-populated\">\n\t\t\t\t\t\t<div class=\"elementor-element elementor-element-c3491ca elementor-widget elementor-widget-image\" data-id=\"c3491ca\" data-element_type=\"widget\" data-e-type=\"widget\" data-widget_type=\"image.default\">\n\t\t\t\t<div class=\"elementor-widget-container\">\n\t\t\t\t\t\t\t\t\t\t\t\t<figure class=\"wp-caption\">\n\t\t\t\t\t\t\t\t\t\t<img fetchpriority=\"high\" decoding=\"async\" width=\"869\" height=\"489\" src=\"https:\/\/skogenbarnehage.no\/wp-content\/uploads\/2024\/07\/Bilde-Skogen-bhg.jpg\" class=\"attachment-2048x2048 size-2048x2048 wp-image-1297\" alt=\"\" srcset=\"https:\/\/skogenbarnehage.no\/wp-content\/uploads\/2024\/07\/Bilde-Skogen-bhg.jpg 869w, https:\/\/skogenbarnehage.no\/wp-content\/uploads\/2024\/07\/Bilde-Skogen-bhg-300x169.jpg 300w, https:\/\/skogenbarnehage.no\/wp-content\/uploads\/2024\/07\/Bilde-Skogen-bhg-768x432.jpg 768w\" sizes=\"(max-width: 869px) 100vw, 869px\" \/>\t\t\t\t\t\t\t\t\t\t\t<figcaption class=\"widget-image-caption wp-caption-text\">FOM 29.07.24:                                                  V\u00c5RE \u00c5PNINGSTIDER ER KL. 06.45-17.00. <\/figcaption>\n\t\t\t\t\t\t\t\t\t\t<\/figure>\n\t\t\t\t\t\t\t\t\t<\/div>\n\t\t\t\t<\/div>\n\t\t\t\t<div class=\"elementor-element elementor-element-ab5a92c elementor-view-framed elementor-shape-circle elementor-widget elementor-widget-icon\" data-id=\"ab5a92c\" data-element_type=\"widget\" data-e-type=\"widget\" data-widget_type=\"icon.default\">\n\t\t\t\t<div class=\"elementor-widget-container\">\n\t\t\t\t\t\t\t<div class=\"elementor-icon-wrapper\">\n\t\t\t<div class=\"elementor-icon\">\n\t\t\t<i aria-hidden=\"true\" class=\"fas fa-star\"><\/i>\t\t\t<\/div>\n\t\t<\/div>\n\t\t\t\t\t\t<\/div>\n\t\t\t\t<\/div>\n\t\t\t\t<div class=\"elementor-element elementor-element-81e0d5c elementor-align-center elementor-widget__width-initial elementor-widget elementor-widget-button\" data-id=\"81e0d5c\" data-element_type=\"widget\" data-e-type=\"widget\" data-widget_type=\"button.default\">\n\t\t\t\t<div class=\"elementor-widget-container\">\n\t\t\t\t\t\t\t\t\t<div class=\"elementor-button-wrapper\">\n\t\t\t\t\t<a class=\"elementor-button elementor-button-link elementor-size-lg\" href=\"https:\/\/askoy.kommune.no\/tjenester\/barnehagen\/soke-endre-eller-si-opp-plass\/soke-endre-og-alt-det-andre\" target=\"_blank\">\n\t\t\t\t\t\t<span class=\"elementor-button-content-wrapper\">\n\t\t\t\t\t\t\t\t\t<span class=\"elementor-button-text\">S\u00f8k barnehageplass her<\/span>\n\t\t\t\t\t<\/span>\n\t\t\t\t\t<\/a>\n\t\t\t\t<\/div>\n\t\t\t\t\t\t\t\t<\/div>\n\t\t\t\t<\/div>\n\t\t\t\t<div class=\"elementor-element elementor-element-9a138da elementor-widget elementor-widget-text-editor\" data-id=\"9a138da\" data-element_type=\"widget\" data-e-type=\"widget\" data-widget_type=\"text-editor.default\">\n\t\t\t\t<div class=\"elementor-widget-container\">\n\t\t\t\t\t\t\t\t\t<p>\u00a0<\/p><p>NAB Skogen barnehage (NAB= natur og aktivitets-barnehage) ble \u00e5pnet november 2006.<\/p><p>Frem til april 2009 leide barnehagen lokaler av Follese Fotballklubb. I mai 2009 kj\u00f8pte barnehagen lokalene, og ble da total renovert. Barnehagen holder til i naturskj\u00f8nne omgivelser like ved Skogen fotballanlegg. Barnehagen startet med 25 barn og har i dag plass til 96 barn. Barnehagen legger vekt p\u00e5 natur og friluftsliv. Det er derfor lite asfalt p\u00e5 barnehagens uteomr\u00e5de og barna ferdes i ulendt terreng p\u00e5 barnehagens omr\u00e5de, ute p\u00e5 fotballbanen og i skog og mark.<\/p><p>Ta gjerne kontakt for \u00e5 komme p\u00e5 bes\u00f8k og f\u00e5 omvisning.\u00a0<\/p><p>Velkommen til oss!<\/p>\t\t\t\t\t\t\t\t<\/div>\n\t\t\t\t<\/div>\n\t\t\t\t<div class=\"elementor-element elementor-element-830b41e elementor-view-stacked elementor-shape-circle elementor-widget elementor-widget-icon\" data-id=\"830b41e\" data-element_type=\"widget\" data-e-type=\"widget\" data-widget_type=\"icon.default\">\n\t\t\t\t<div class=\"elementor-widget-container\">\n\t\t\t\t\t\t\t<div class=\"elementor-icon-wrapper\">\n\t\t\t<div class=\"elementor-icon\">\n\t\t\t<i aria-hidden=\"true\" class=\"fas fa-star\"><\/i>\t\t\t<\/div>\n\t\t<\/div>\n\t\t\t\t\t\t<\/div>\n\t\t\t\t<\/div>\n\t\t\t\t\t<\/div>\n\t\t<\/div>\n\t\t\t\t\t<\/div>\n\t\t<\/section>\n\t\t\t\t<section class=\"elementor-section elementor-top-section elementor-element elementor-element-1bb6749 elementor-section-boxed elementor-section-height-default elementor-section-height-default\" data-id=\"1bb6749\" data-element_type=\"section\" data-e-type=\"section\">\n\t\t\t\t\t\t<div class=\"elementor-container elementor-column-gap-default\">\n\t\t\t\t\t<div class=\"elementor-column elementor-col-100 elementor-top-column elementor-element elementor-element-9e48514\" data-id=\"9e48514\" data-element_type=\"column\" data-e-type=\"column\">\n\t\t\t<div class=\"elementor-widget-wrap elementor-element-populated\">\n\t\t\t\t\t\t<div class=\"elementor-element elementor-element-146bc52 elementor-widget elementor-widget-image\" data-id=\"146bc52\" data-element_type=\"widget\" data-e-type=\"widget\" data-widget_type=\"image.default\">\n\t\t\t\t<div class=\"elementor-widget-container\">\n\t\t\t\t\t\t\t\t\t\t\t\t\t\t\t<img decoding=\"async\" width=\"800\" height=\"533\" src=\"https:\/\/skogenbarnehage.no\/wp-content\/uploads\/2021\/04\/om-oss.jpg\" class=\"attachment-large size-large wp-image-714\" alt=\"\" srcset=\"https:\/\/skogenbarnehage.no\/wp-content\/uploads\/2021\/04\/om-oss.jpg 900w, https:\/\/skogenbarnehage.no\/wp-content\/uploads\/2021\/04\/om-oss-300x200.jpg 300w, https:\/\/skogenbarnehage.no\/wp-content\/uploads\/2021\/04\/om-oss-768x512.jpg 768w\" sizes=\"(max-width: 800px) 100vw, 800px\" \/>\t\t\t\t\t\t\t\t\t\t\t\t\t\t\t<\/div>\n\t\t\t\t<\/div>\n\t\t\t\t\t<\/div>\n\t\t<\/div>\n\t\t\t\t\t<\/div>\n\t\t<\/section>\n\t\t\t\t<\/div>\n\t\t","protected":false},"excerpt":{"rendered":"<p>B A R N E H A G E N &nbsp; V \u00c5 R FOM 29.07.24: V\u00c5RE \u00c5PNINGSTIDER ER KL. 06.45-17.00. S\u00f8k barnehageplass her \u00a0 NAB Skogen barnehage (NAB= natur og aktivitets-barnehage) ble \u00e5pnet november 2006. Frem til april 2009 leide barnehagen lokaler av Follese Fotballklubb. I mai 2009 kj\u00f8pte barnehagen lokalene, og ble da [&hellip;]<\/p>\n","protected":false},"author":1,"featured_media":0,"parent":0,"menu_order":0,"comment_status":"closed","ping_status":"closed","template":"elementor_header_footer","meta":{"footnotes":""},"class_list":["post-705","page","type-page","status-publish","hentry"],"_links":{"self":[{"href":"https:\/\/skogenbarnehage.no\/index.php?rest_route=\/wp\/v2\/pages\/705","targetHints":{"allow":["GET"]}}],"collection":[{"href":"https:\/\/skogenbarnehage.no\/index.php?rest_route=\/wp\/v2\/pages"}],"about":[{"href":"https:\/\/skogenbarnehage.no\/index.php?rest_route=\/wp\/v2\/types\/page"}],"author":[{"embeddable":true,"href":"https:\/\/skogenbarnehage.no\/index.php?rest_route=\/wp\/v2\/users\/1"}],"replies":[{"embeddable":true,"href":"https:\/\/skogenbarnehage.no\/index.php?rest_route=%2Fwp%2Fv2%2Fcomments&post=705"}],"version-history":[{"count":37,"href":"https:\/\/skogenbarnehage.no\/index.php?rest_route=\/wp\/v2\/pages\/705\/revisions"}],"predecessor-version":[{"id":1488,"href":"https:\/\/skogenbarnehage.no\/index.php?rest_route=\/wp\/v2\/pages\/705\/revisions\/1488"}],"wp:attachment":[{"href":"https:\/\/skogenbarnehage.no\/index.php?rest_route=%2Fwp%2Fv2%2Fmedia&parent=705"}],"curies":[{"name":"wp","href":"https:\/\/api.w.org\/{rel}","templated":true}]}}