{"id":351,"date":"2021-02-25T15:41:04","date_gmt":"2021-02-25T14:41:04","guid":{"rendered":"https:\/\/skogenbarnehage.no\/?page_id=351"},"modified":"2021-03-08T22:22:01","modified_gmt":"2021-03-08T21:22:01","slug":"ebarnehage","status":"publish","type":"page","link":"https:\/\/skogenbarnehage.no\/?page_id=351","title":{"rendered":"Ebarnehage"},"content":{"rendered":"\t\t<div data-elementor-type=\"wp-page\" data-elementor-id=\"351\" class=\"elementor elementor-351\">\n\t\t\t\t\t\t<section class=\"elementor-section elementor-top-section elementor-element elementor-element-3c4e2e7f elementor-section-boxed elementor-section-height-default elementor-section-height-default\" data-id=\"3c4e2e7f\" data-element_type=\"section\" data-e-type=\"section\">\n\t\t\t\t\t\t<div class=\"elementor-container elementor-column-gap-default\">\n\t\t\t\t\t<div class=\"elementor-column elementor-col-100 elementor-top-column elementor-element elementor-element-6c98100c\" data-id=\"6c98100c\" data-element_type=\"column\" data-e-type=\"column\">\n\t\t\t<div class=\"elementor-widget-wrap elementor-element-populated\">\n\t\t\t\t\t\t<div class=\"elementor-element elementor-element-69fd3cc8 elementor-widget elementor-widget-heading\" data-id=\"69fd3cc8\" data-element_type=\"widget\" data-e-type=\"widget\" data-widget_type=\"heading.default\">\n\t\t\t\t<div class=\"elementor-widget-container\">\n\t\t\t\t\t<h2 class=\"elementor-heading-title elementor-size-default\"><p>\n  <span style='color:#428b54'>E<\/span>\n  <span style='color: #d57926'>B<\/span>\n  <span style='color: #95221d'>A<\/span>\n  <span style='color: #428b54'>R<\/span>\n  <span style='color:#d57926'>N<\/span>\n  <span style='color: #95221d'>E<\/span>\n\n\n  <span style='color: #428b54'>H<\/span>\n\n  <span style='color: #d57926'>A<\/span>\n\n\n  <span style='color: #95221d'>G<\/span>\n\n\n<span style='color: #428b54'>E<\/span>\n  \n\n\n<\/p><\/h2>\t\t\t\t<\/div>\n\t\t\t\t<\/div>\n\t\t\t\t<div class=\"elementor-element elementor-element-c41c323 elementor-widget elementor-widget-image\" data-id=\"c41c323\" data-element_type=\"widget\" data-e-type=\"widget\" data-widget_type=\"image.default\">\n\t\t\t\t<div class=\"elementor-widget-container\">\n\t\t\t\t\t\t\t\t\t\t\t\t\t\t\t<img fetchpriority=\"high\" decoding=\"async\" width=\"800\" height=\"400\" src=\"https:\/\/skogenbarnehage.no\/wp-content\/uploads\/2021\/02\/10_11_2016_3fba8775-20cd-435b-ba98-07d797364ef6_10_11_2016_40c258ec-b4fa-4391-93fe-a4de9e7fe376_eB-en-del-av-hverdagen-1024x512.gif\" class=\"attachment-large size-large wp-image-359\" alt=\"\" srcset=\"https:\/\/skogenbarnehage.no\/wp-content\/uploads\/2021\/02\/10_11_2016_3fba8775-20cd-435b-ba98-07d797364ef6_10_11_2016_40c258ec-b4fa-4391-93fe-a4de9e7fe376_eB-en-del-av-hverdagen-1024x512.gif 1024w, https:\/\/skogenbarnehage.no\/wp-content\/uploads\/2021\/02\/10_11_2016_3fba8775-20cd-435b-ba98-07d797364ef6_10_11_2016_40c258ec-b4fa-4391-93fe-a4de9e7fe376_eB-en-del-av-hverdagen-300x150.gif 300w, https:\/\/skogenbarnehage.no\/wp-content\/uploads\/2021\/02\/10_11_2016_3fba8775-20cd-435b-ba98-07d797364ef6_10_11_2016_40c258ec-b4fa-4391-93fe-a4de9e7fe376_eB-en-del-av-hverdagen-768x384.gif 768w\" sizes=\"(max-width: 800px) 100vw, 800px\" \/>\t\t\t\t\t\t\t\t\t\t\t\t\t\t\t<\/div>\n\t\t\t\t<\/div>\n\t\t\t\t\t<\/div>\n\t\t<\/div>\n\t\t\t\t\t<\/div>\n\t\t<\/section>\n\t\t\t\t<section class=\"elementor-section elementor-top-section elementor-element elementor-element-9108e55 elementor-section-boxed elementor-section-height-default elementor-section-height-default\" data-id=\"9108e55\" data-element_type=\"section\" data-e-type=\"section\">\n\t\t\t\t\t\t<div class=\"elementor-container elementor-column-gap-default\">\n\t\t\t\t\t<div class=\"elementor-column elementor-col-100 elementor-top-column elementor-element elementor-element-c0c7f6d\" data-id=\"c0c7f6d\" data-element_type=\"column\" data-e-type=\"column\">\n\t\t\t<div class=\"elementor-widget-wrap elementor-element-populated\">\n\t\t\t\t\t\t<div class=\"elementor-element elementor-element-c543612 elementor-widget elementor-widget-heading\" data-id=\"c543612\" data-element_type=\"widget\" data-e-type=\"widget\" data-widget_type=\"heading.default\">\n\t\t\t\t<div class=\"elementor-widget-container\">\n\t\t\t\t\t<h3 class=\"elementor-heading-title elementor-size-default\">E-barnehage kan brukes p\u00e5 mobiltelefon eller nettbrett.\n\n<\/h3>\t\t\t\t<\/div>\n\t\t\t\t<\/div>\n\t\t\t\t<div class=\"elementor-element elementor-element-db672db elementor-widget elementor-widget-text-editor\" data-id=\"db672db\" data-element_type=\"widget\" data-e-type=\"widget\" data-widget_type=\"text-editor.default\">\n\t\t\t\t<div class=\"elementor-widget-container\">\n\t\t\t\t\t\t\t\t\t<ul><li>Ebarnehage er et kommunikasjonsverkt\u00f8y mellom barnehage og hjem.<\/li><li>Dere foreldre\u00a0 f\u00e5r mer innsyn i kvalitetsarbeidet i barnehagen og blir\u00a0mer delaktig i barnas hverdag.<\/li><li>Dere kan se bilder fra barnehagen, og f\u00e5 oversikt over hva barnet har v\u00e6rt med p\u00e5 gjennom dagen.<\/li><li>Her kan dere enkelt gi beskjed via ebarnehage dersom ditt barn er syk, og beskjeden blir synlig i ebarnehage gjeldende dag.<\/li><li>Dere kan ogs\u00e5 melde frav\u00e6r, sende oss internmelding, lese ukeplaner, motta dokumenter (m\u00e5nedsplaner), sjekke soveliste osv.<\/li><li>Barnehagen logger barna inn n\u00e5r de kommer om dagen, og logger de ut n\u00e5r de g\u00e5r om dagen.<\/li><\/ul>\t\t\t\t\t\t\t\t<\/div>\n\t\t\t\t<\/div>\n\t\t\t\t\t<\/div>\n\t\t<\/div>\n\t\t\t\t\t<\/div>\n\t\t<\/section>\n\t\t\t\t<\/div>\n\t\t","protected":false},"excerpt":{"rendered":"<p>E B A R N E H A G E E-barnehage kan brukes p\u00e5 mobiltelefon eller nettbrett. Ebarnehage er et kommunikasjonsverkt\u00f8y mellom barnehage og hjem. Dere foreldre\u00a0 f\u00e5r mer innsyn i kvalitetsarbeidet i barnehagen og blir\u00a0mer delaktig i barnas hverdag. Dere kan se bilder fra barnehagen, og f\u00e5 oversikt over hva barnet har v\u00e6rt med [&hellip;]<\/p>\n","protected":false},"author":1,"featured_media":0,"parent":0,"menu_order":0,"comment_status":"closed","ping_status":"closed","template":"elementor_header_footer","meta":{"footnotes":""},"class_list":["post-351","page","type-page","status-publish","hentry"],"_links":{"self":[{"href":"https:\/\/skogenbarnehage.no\/index.php?rest_route=\/wp\/v2\/pages\/351","targetHints":{"allow":["GET"]}}],"collection":[{"href":"https:\/\/skogenbarnehage.no\/index.php?rest_route=\/wp\/v2\/pages"}],"about":[{"href":"https:\/\/skogenbarnehage.no\/index.php?rest_route=\/wp\/v2\/types\/page"}],"author":[{"embeddable":true,"href":"https:\/\/skogenbarnehage.no\/index.php?rest_route=\/wp\/v2\/users\/1"}],"replies":[{"embeddable":true,"href":"https:\/\/skogenbarnehage.no\/index.php?rest_route=%2Fwp%2Fv2%2Fcomments&post=351"}],"version-history":[{"count":13,"href":"https:\/\/skogenbarnehage.no\/index.php?rest_route=\/wp\/v2\/pages\/351\/revisions"}],"predecessor-version":[{"id":558,"href":"https:\/\/skogenbarnehage.no\/index.php?rest_route=\/wp\/v2\/pages\/351\/revisions\/558"}],"wp:attachment":[{"href":"https:\/\/skogenbarnehage.no\/index.php?rest_route=%2Fwp%2Fv2%2Fmedia&parent=351"}],"curies":[{"name":"wp","href":"https:\/\/api.w.org\/{rel}","templated":true}]}}