{"id":333,"date":"2021-02-25T15:00:41","date_gmt":"2021-02-25T14:00:41","guid":{"rendered":"https:\/\/skogenbarnehage.no\/?page_id=333"},"modified":"2025-07-02T14:41:28","modified_gmt":"2025-07-02T12:41:28","slug":"apningstider","status":"publish","type":"page","link":"https:\/\/skogenbarnehage.no\/?page_id=333","title":{"rendered":"\u00c5pningstider"},"content":{"rendered":"\t\t<div data-elementor-type=\"wp-page\" data-elementor-id=\"333\" class=\"elementor elementor-333\">\n\t\t\t\t\t\t<section class=\"elementor-section elementor-top-section elementor-element elementor-element-4a837bf5 elementor-section-boxed elementor-section-height-default elementor-section-height-default\" data-id=\"4a837bf5\" data-element_type=\"section\" data-e-type=\"section\">\n\t\t\t\t\t\t<div class=\"elementor-container elementor-column-gap-default\">\n\t\t\t\t\t<div class=\"elementor-column elementor-col-100 elementor-top-column elementor-element elementor-element-5ade16c7\" data-id=\"5ade16c7\" data-element_type=\"column\" data-e-type=\"column\">\n\t\t\t<div class=\"elementor-widget-wrap elementor-element-populated\">\n\t\t\t\t\t\t<div class=\"elementor-element elementor-element-4af89a0d elementor-widget elementor-widget-heading\" data-id=\"4af89a0d\" data-element_type=\"widget\" data-e-type=\"widget\" data-widget_type=\"heading.default\">\n\t\t\t\t<div class=\"elementor-widget-container\">\n\t\t\t\t\t<h2 class=\"elementor-heading-title elementor-size-default\"><p>\n  <span style='color:#428b54'>\u00c5<\/span>\n  <span style='color: #d57926'>P<\/span>\n  <span style='color: #95221d'>N<\/span>\n  <span style='color: #428b54'>I<\/span>\n  <span style='color:#d57926'>N<\/span>\n  <span style='color: #95221d'>G<\/span>\n\n\n\n  <span style='color: #428b54'>S<\/span>\n\n  <span style='color: #d57926'>T<\/span>\n\n\n  <span style='color: #95221d'>I<\/span>\n\n\n<span style='color: #428b54'>D<\/span>\n  \n\n<span style='color: #d57926'>E<\/span>\n\n\n<span style='color: #95221d'>R<\/span>\n\n\n\n<\/p><\/h2>\t\t\t\t<\/div>\n\t\t\t\t<\/div>\n\t\t\t\t\t<\/div>\n\t\t<\/div>\n\t\t\t\t\t<\/div>\n\t\t<\/section>\n\t\t\t\t<section class=\"elementor-section elementor-top-section elementor-element elementor-element-6455481 elementor-section-boxed elementor-section-height-default elementor-section-height-default\" data-id=\"6455481\" data-element_type=\"section\" data-e-type=\"section\">\n\t\t\t\t\t\t<div class=\"elementor-container elementor-column-gap-default\">\n\t\t\t\t\t<div class=\"elementor-column elementor-col-100 elementor-top-column elementor-element elementor-element-42b0874\" data-id=\"42b0874\" data-element_type=\"column\" data-e-type=\"column\">\n\t\t\t<div class=\"elementor-widget-wrap elementor-element-populated\">\n\t\t\t\t\t\t<div class=\"elementor-element elementor-element-a997c91 elementor-widget__width-initial elementor-widget elementor-widget-text-editor\" data-id=\"a997c91\" data-element_type=\"widget\" data-e-type=\"widget\" data-widget_type=\"text-editor.default\">\n\t\t\t\t<div class=\"elementor-widget-container\">\n\t\t\t\t\t\t\t\t\t<p class=\"ingress\"><strong>Barnehagens \u00e5pningstid er 06.45-17.00.\u00a0<\/strong><\/p><div class=\"webpage-content\"><p>Julaften og nytt\u00e5rsaften holder barnehagen stengt.\u00a0<\/p><p>Vi er stengt alle helligdager. Onsdag f\u00f8r skj\u00e6rtorsdag har vi \u00e5pent til kl 12.00.<\/p><p>Vi holder \u00e5pent hele sommeren og romjulen, med redusert \u00e5pningstid etter behov.<\/p><p>\u00a0<\/p><p><strong>Barnehagen har 5 planleggingsdager i \u00e5ret. <\/strong><\/p><p><strong>I 2025\/2026 har vi stengt f\u00f8lgende dager:<\/strong><\/p><ul><li><strong>8. september<\/strong><\/li><li><strong>7. november<\/strong><\/li><li><strong>30. januar<\/strong><\/li><li><strong>13.\u00a0 mars\u00a0<\/strong><\/li><li><strong>15.\u00a0 mai<\/strong><\/li><\/ul><\/div>\t\t\t\t\t\t\t\t<\/div>\n\t\t\t\t<\/div>\n\t\t\t\t\t<\/div>\n\t\t<\/div>\n\t\t\t\t\t<\/div>\n\t\t<\/section>\n\t\t\t\t<\/div>\n\t\t","protected":false},"excerpt":{"rendered":"<p>\u00c5 P N I N G S T I D E R Barnehagens \u00e5pningstid er 06.45-17.00.\u00a0 Julaften og nytt\u00e5rsaften holder barnehagen stengt.\u00a0 Vi er stengt alle helligdager. Onsdag f\u00f8r skj\u00e6rtorsdag har vi \u00e5pent til kl 12.00. Vi holder \u00e5pent hele sommeren og romjulen, med redusert \u00e5pningstid etter behov. \u00a0 Barnehagen har 5 planleggingsdager i \u00e5ret. [&hellip;]<\/p>\n","protected":false},"author":1,"featured_media":0,"parent":0,"menu_order":0,"comment_status":"closed","ping_status":"closed","template":"elementor_header_footer","meta":{"footnotes":""},"class_list":["post-333","page","type-page","status-publish","hentry"],"_links":{"self":[{"href":"https:\/\/skogenbarnehage.no\/index.php?rest_route=\/wp\/v2\/pages\/333","targetHints":{"allow":["GET"]}}],"collection":[{"href":"https:\/\/skogenbarnehage.no\/index.php?rest_route=\/wp\/v2\/pages"}],"about":[{"href":"https:\/\/skogenbarnehage.no\/index.php?rest_route=\/wp\/v2\/types\/page"}],"author":[{"embeddable":true,"href":"https:\/\/skogenbarnehage.no\/index.php?rest_route=\/wp\/v2\/users\/1"}],"replies":[{"embeddable":true,"href":"https:\/\/skogenbarnehage.no\/index.php?rest_route=%2Fwp%2Fv2%2Fcomments&post=333"}],"version-history":[{"count":28,"href":"https:\/\/skogenbarnehage.no\/index.php?rest_route=\/wp\/v2\/pages\/333\/revisions"}],"predecessor-version":[{"id":1534,"href":"https:\/\/skogenbarnehage.no\/index.php?rest_route=\/wp\/v2\/pages\/333\/revisions\/1534"}],"wp:attachment":[{"href":"https:\/\/skogenbarnehage.no\/index.php?rest_route=%2Fwp%2Fv2%2Fmedia&parent=333"}],"curies":[{"name":"wp","href":"https:\/\/api.w.org\/{rel}","templated":true}]}}