{"id":315,"date":"2021-02-25T13:55:07","date_gmt":"2021-02-25T12:55:07","guid":{"rendered":"https:\/\/skogenbarnehage.no\/?page_id=315"},"modified":"2024-07-31T14:24:48","modified_gmt":"2024-07-31T12:24:48","slug":"avdelingene","status":"publish","type":"page","link":"https:\/\/skogenbarnehage.no\/?page_id=315","title":{"rendered":"Avdelingene"},"content":{"rendered":"\t\t<div data-elementor-type=\"wp-page\" data-elementor-id=\"315\" class=\"elementor elementor-315\">\n\t\t\t\t\t\t<section class=\"elementor-section elementor-top-section elementor-element elementor-element-1aae06d7 elementor-section-boxed elementor-section-height-default elementor-section-height-default\" data-id=\"1aae06d7\" data-element_type=\"section\" data-e-type=\"section\">\n\t\t\t\t\t\t<div class=\"elementor-container elementor-column-gap-default\">\n\t\t\t\t\t<div class=\"elementor-column elementor-col-100 elementor-top-column elementor-element elementor-element-681f1f65\" data-id=\"681f1f65\" data-element_type=\"column\" data-e-type=\"column\">\n\t\t\t<div class=\"elementor-widget-wrap elementor-element-populated\">\n\t\t\t\t\t\t<div class=\"elementor-element elementor-element-5b885654 elementor-widget elementor-widget-heading\" data-id=\"5b885654\" data-element_type=\"widget\" data-e-type=\"widget\" data-widget_type=\"heading.default\">\n\t\t\t\t<div class=\"elementor-widget-container\">\n\t\t\t\t\t<h2 class=\"elementor-heading-title elementor-size-default\"><p>\n  <span style='color:#428b54'>A<\/span>\n  <span style='color: #d57926'>V<\/span>\n  <span style='color: #95221d'>D<\/span>\n  <span style='color: #428b54'>E<\/span>\n  <span style='color:#d57926'>L<\/span>\n  <span style='color: #95221d'>I<\/span>\n\n  <span style='color: #428b54'>N<\/span>\n\n  <span style='color: #d57926'>G<\/span>\n\n\n  <span style='color: #95221d'>E<\/span>\n\n\n<span style='color: #428b54'>R<\/span>\n  \n<\/p><\/h2>\t\t\t\t<\/div>\n\t\t\t\t<\/div>\n\t\t\t\t\t<\/div>\n\t\t<\/div>\n\t\t\t\t\t<\/div>\n\t\t<\/section>\n\t\t\t\t<section class=\"elementor-section elementor-top-section elementor-element elementor-element-8c0d836 elementor-section-boxed elementor-section-height-default elementor-section-height-default\" data-id=\"8c0d836\" data-element_type=\"section\" data-e-type=\"section\">\n\t\t\t\t\t\t<div class=\"elementor-container elementor-column-gap-default\">\n\t\t\t\t\t<div class=\"elementor-column elementor-col-100 elementor-top-column elementor-element elementor-element-7d5ab95\" data-id=\"7d5ab95\" data-element_type=\"column\" data-e-type=\"column\">\n\t\t\t<div class=\"elementor-widget-wrap elementor-element-populated\">\n\t\t\t\t\t\t<section class=\"elementor-section elementor-inner-section elementor-element elementor-element-10da34e elementor-section-boxed elementor-section-height-default elementor-section-height-default\" data-id=\"10da34e\" data-element_type=\"section\" data-e-type=\"section\">\n\t\t\t\t\t\t<div class=\"elementor-container elementor-column-gap-wider\">\n\t\t\t\t\t<div class=\"elementor-column elementor-col-50 elementor-inner-column elementor-element elementor-element-eef65bc\" data-id=\"eef65bc\" data-element_type=\"column\" data-e-type=\"column\">\n\t\t\t<div class=\"elementor-widget-wrap elementor-element-populated\">\n\t\t\t\t\t\t<div class=\"elementor-element elementor-element-370ccd9 elementor-invisible elementor-widget elementor-widget-image\" data-id=\"370ccd9\" data-element_type=\"widget\" data-e-type=\"widget\" data-settings=\"{&quot;_animation&quot;:&quot;fadeInLeft&quot;}\" data-widget_type=\"image.default\">\n\t\t\t\t<div class=\"elementor-widget-container\">\n\t\t\t\t\t\t\t\t\t\t\t\t\t\t\t<img decoding=\"async\" width=\"500\" height=\"60\" src=\"https:\/\/skogenbarnehage.no\/wp-content\/uploads\/2021\/02\/avd_blabaerbarna.png\" class=\"attachment-large size-large wp-image-56\" alt=\"\" srcset=\"https:\/\/skogenbarnehage.no\/wp-content\/uploads\/2021\/02\/avd_blabaerbarna.png 500w, https:\/\/skogenbarnehage.no\/wp-content\/uploads\/2021\/02\/avd_blabaerbarna-300x36.png 300w\" sizes=\"(max-width: 500px) 100vw, 500px\" \/>\t\t\t\t\t\t\t\t\t\t\t\t\t\t\t<\/div>\n\t\t\t\t<\/div>\n\t\t\t\t<div class=\"elementor-element elementor-element-015639b elementor-vertical-align-middle elementor-invisible elementor-widget elementor-widget-image-box\" data-id=\"015639b\" data-element_type=\"widget\" data-e-type=\"widget\" data-settings=\"{&quot;_animation&quot;:&quot;fadeInLeft&quot;}\" data-widget_type=\"image-box.default\">\n\t\t\t\t<div class=\"elementor-widget-container\">\n\t\t\t\t\t<div class=\"elementor-image-box-wrapper\"><div class=\"elementor-image-box-content\"><p class=\"elementor-image-box-description\">Aldersgruppe: 0\u20132 \u00e5r<\/p><\/div><\/div>\t\t\t\t<\/div>\n\t\t\t\t<\/div>\n\t\t\t\t<div class=\"elementor-element elementor-element-60f476c elementor-widget elementor-widget-text-editor\" data-id=\"60f476c\" data-element_type=\"widget\" data-e-type=\"widget\" data-widget_type=\"text-editor.default\">\n\t\t\t\t<div class=\"elementor-widget-container\">\n\t\t\t\t\t\t\t\t\t<p>Skogen Barnehage har to sm\u00e5barnsavdelinger med barn i alderen 0\u20132 \u00e5r.\u00a0P\u00e5 en sm\u00e5barnsavdeling er det viktig \u00e5 ha fokus p\u00e5 trygghet. Dette sikrer vi i barnehagen ved \u00e5 ha en prim\u00e6rkontakt for hvert enkelt barn. I begynnelsen av barnehage\u00e5ret vektlegger vi \u00e5 bli kjent med hverandre og komme inn i rutinene p\u00e5 avdelingen. Faste rutiner skaper trygghet og oversikt over barnas dag. P\u00e5 en sm\u00e5barnsavdeling er det viktig \u00e5 sette av god tid til de ulike hverdagssituasjonene og legge til rette for at dagen glir s\u00e5 smidig som mulig.<\/p>\t\t\t\t\t\t\t\t<\/div>\n\t\t\t\t<\/div>\n\t\t\t\t\t<\/div>\n\t\t<\/div>\n\t\t\t\t<div class=\"elementor-column elementor-col-50 elementor-inner-column elementor-element elementor-element-d5f15d3\" data-id=\"d5f15d3\" data-element_type=\"column\" data-e-type=\"column\">\n\t\t\t<div class=\"elementor-widget-wrap elementor-element-populated\">\n\t\t\t\t\t\t<div class=\"elementor-element elementor-element-891a875 elementor-invisible elementor-widget elementor-widget-image\" data-id=\"891a875\" data-element_type=\"widget\" data-e-type=\"widget\" data-settings=\"{&quot;_animation&quot;:&quot;fadeInLeft&quot;,&quot;_animation_delay&quot;:400}\" data-widget_type=\"image.default\">\n\t\t\t\t<div class=\"elementor-widget-container\">\n\t\t\t\t\t\t\t\t\t\t\t\t\t\t\t<img decoding=\"async\" width=\"500\" height=\"60\" src=\"https:\/\/skogenbarnehage.no\/wp-content\/uploads\/2021\/02\/avd_huldrene.png\" class=\"attachment-large size-large wp-image-59\" alt=\"\" srcset=\"https:\/\/skogenbarnehage.no\/wp-content\/uploads\/2021\/02\/avd_huldrene.png 500w, https:\/\/skogenbarnehage.no\/wp-content\/uploads\/2021\/02\/avd_huldrene-300x36.png 300w\" sizes=\"(max-width: 500px) 100vw, 500px\" \/>\t\t\t\t\t\t\t\t\t\t\t\t\t\t\t<\/div>\n\t\t\t\t<\/div>\n\t\t\t\t<div class=\"elementor-element elementor-element-c3c2635 elementor-vertical-align-middle elementor-invisible elementor-widget elementor-widget-image-box\" data-id=\"c3c2635\" data-element_type=\"widget\" data-e-type=\"widget\" data-settings=\"{&quot;_animation&quot;:&quot;fadeInLeft&quot;,&quot;_animation_delay&quot;:400}\" data-widget_type=\"image-box.default\">\n\t\t\t\t<div class=\"elementor-widget-container\">\n\t\t\t\t\t<div class=\"elementor-image-box-wrapper\"><div class=\"elementor-image-box-content\"><p class=\"elementor-image-box-description\">Aldersgruppe: 0\u20132 \u00e5r<\/p><\/div><\/div>\t\t\t\t<\/div>\n\t\t\t\t<\/div>\n\t\t\t\t<div class=\"elementor-element elementor-element-c18f12b elementor-widget elementor-widget-text-editor\" data-id=\"c18f12b\" data-element_type=\"widget\" data-e-type=\"widget\" data-widget_type=\"text-editor.default\">\n\t\t\t\t<div class=\"elementor-widget-container\">\n\t\t\t\t\t\t\t\t\t<p>Skogen Barnehage har to sm\u00e5barnsavdelinger med barn i alderen 0\u20132 \u00e5r.\u00a0P\u00e5 en sm\u00e5barnsavdeling er det viktig \u00e5 ha fokus p\u00e5 trygghet. Dette sikrer vi i barnehagen ved \u00e5 ha en prim\u00e6rkontakt for hvert enkelt barn. I begynnelsen av barnehage\u00e5ret vektlegger vi \u00e5 bli kjent med hverandre og komme inn i rutinene p\u00e5 avdelingen. Faste rutiner skaper trygghet og oversikt over barnas dag. P\u00e5 en sm\u00e5barnsavdeling er det viktig \u00e5 sette av god tid til de ulike hverdagssituasjonene og legge til rette for at dagen glir s\u00e5 smidig som mulig.<\/p>\t\t\t\t\t\t\t\t<\/div>\n\t\t\t\t<\/div>\n\t\t\t\t\t<\/div>\n\t\t<\/div>\n\t\t\t\t\t<\/div>\n\t\t<\/section>\n\t\t\t\t<section class=\"elementor-section elementor-inner-section elementor-element elementor-element-34e7b55 elementor-section-boxed elementor-section-height-default elementor-section-height-default\" data-id=\"34e7b55\" data-element_type=\"section\" data-e-type=\"section\">\n\t\t\t\t\t\t<div class=\"elementor-container elementor-column-gap-wider\">\n\t\t\t\t\t<div class=\"elementor-column elementor-col-50 elementor-inner-column elementor-element elementor-element-22a8497\" data-id=\"22a8497\" data-element_type=\"column\" data-e-type=\"column\">\n\t\t\t<div class=\"elementor-widget-wrap elementor-element-populated\">\n\t\t\t\t\t\t<div class=\"elementor-element elementor-element-cbee3c8 elementor-invisible elementor-widget elementor-widget-image\" data-id=\"cbee3c8\" data-element_type=\"widget\" data-e-type=\"widget\" data-settings=\"{&quot;_animation&quot;:&quot;fadeInRight&quot;}\" data-widget_type=\"image.default\">\n\t\t\t\t<div class=\"elementor-widget-container\">\n\t\t\t\t\t\t\t\t\t\t\t\t\t\t\t<img decoding=\"async\" width=\"500\" height=\"60\" src=\"https:\/\/skogenbarnehage.no\/wp-content\/uploads\/2021\/02\/avd_mosebarna.png\" class=\"attachment-large size-large wp-image-60\" alt=\"\" srcset=\"https:\/\/skogenbarnehage.no\/wp-content\/uploads\/2021\/02\/avd_mosebarna.png 500w, https:\/\/skogenbarnehage.no\/wp-content\/uploads\/2021\/02\/avd_mosebarna-300x36.png 300w\" sizes=\"(max-width: 500px) 100vw, 500px\" \/>\t\t\t\t\t\t\t\t\t\t\t\t\t\t\t<\/div>\n\t\t\t\t<\/div>\n\t\t\t\t<div class=\"elementor-element elementor-element-04a26d7 elementor-vertical-align-middle elementor-invisible elementor-widget elementor-widget-image-box\" data-id=\"04a26d7\" data-element_type=\"widget\" data-e-type=\"widget\" data-settings=\"{&quot;_animation&quot;:&quot;fadeInRight&quot;}\" data-widget_type=\"image-box.default\">\n\t\t\t\t<div class=\"elementor-widget-container\">\n\t\t\t\t\t<div class=\"elementor-image-box-wrapper\"><div class=\"elementor-image-box-content\"><p class=\"elementor-image-box-description\">Aldersgruppe: 2\u20134 \u00e5r\n\n<\/p><\/div><\/div>\t\t\t\t<\/div>\n\t\t\t\t<\/div>\n\t\t\t\t<div class=\"elementor-element elementor-element-80bd366 elementor-widget elementor-widget-text-editor\" data-id=\"80bd366\" data-element_type=\"widget\" data-e-type=\"widget\" data-widget_type=\"text-editor.default\">\n\t\t\t\t<div class=\"elementor-widget-container\">\n\t\t\t\t\t\t\t\t\t<p>I denne gruppen finner vi barn fra 2-4 \u00e5r. I denne alderen \u00f8ker barnas egen aktivitet stadig. Det er fortsatt g\u00f8y \u00e5 tumle omkring, men barna f\u00e5r ogs\u00e5 mer sans for det kreative. P\u00e5 Avdelingen jobber vi derfor med \u00e5 gi tid og plass til begge deler.<\/p><p>Barna har n\u00e5 mange interesser og liker ofte \u00e5 leke med biler, dukker og dyr. De maler, modellerer, baker og pusler. De ordner og sorterer etter st\u00f8rrelse og farger og l\u00e6rer p\u00e5 denne m\u00e5ten stadig flere begreper. I hverdagen p\u00e5 avdeling \u00f8ver vi p\u00e5; mitt og ditt, stor og liten, farger, antall, retninger og preposisjoner.<\/p>\t\t\t\t\t\t\t\t<\/div>\n\t\t\t\t<\/div>\n\t\t\t\t\t<\/div>\n\t\t<\/div>\n\t\t\t\t<div class=\"elementor-column elementor-col-50 elementor-inner-column elementor-element elementor-element-0731fc3\" data-id=\"0731fc3\" data-element_type=\"column\" data-e-type=\"column\">\n\t\t\t<div class=\"elementor-widget-wrap elementor-element-populated\">\n\t\t\t\t\t\t<div class=\"elementor-element elementor-element-5aec70e elementor-invisible elementor-widget elementor-widget-image\" data-id=\"5aec70e\" data-element_type=\"widget\" data-e-type=\"widget\" data-settings=\"{&quot;_animation&quot;:&quot;fadeInRight&quot;,&quot;_animation_delay&quot;:200}\" data-widget_type=\"image.default\">\n\t\t\t\t<div class=\"elementor-widget-container\">\n\t\t\t\t\t\t\t\t\t\t\t\t\t\t\t<img loading=\"lazy\" decoding=\"async\" width=\"500\" height=\"60\" src=\"https:\/\/skogenbarnehage.no\/wp-content\/uploads\/2021\/02\/avd_spurvene.png\" class=\"attachment-large size-large wp-image-61\" alt=\"\" srcset=\"https:\/\/skogenbarnehage.no\/wp-content\/uploads\/2021\/02\/avd_spurvene.png 500w, https:\/\/skogenbarnehage.no\/wp-content\/uploads\/2021\/02\/avd_spurvene-300x36.png 300w\" sizes=\"(max-width: 500px) 100vw, 500px\" \/>\t\t\t\t\t\t\t\t\t\t\t\t\t\t\t<\/div>\n\t\t\t\t<\/div>\n\t\t\t\t<div class=\"elementor-element elementor-element-74cec6d elementor-vertical-align-middle elementor-invisible elementor-widget elementor-widget-image-box\" data-id=\"74cec6d\" data-element_type=\"widget\" data-e-type=\"widget\" data-settings=\"{&quot;_animation&quot;:&quot;fadeInRight&quot;,&quot;_animation_delay&quot;:200}\" data-widget_type=\"image-box.default\">\n\t\t\t\t<div class=\"elementor-widget-container\">\n\t\t\t\t\t<div class=\"elementor-image-box-wrapper\"><div class=\"elementor-image-box-content\"><p class=\"elementor-image-box-description\">Aldersgruppe: 2\u20134 \u00e5r\n\n<\/p><\/div><\/div>\t\t\t\t<\/div>\n\t\t\t\t<\/div>\n\t\t\t\t<div class=\"elementor-element elementor-element-21ed9c1 elementor-widget elementor-widget-text-editor\" data-id=\"21ed9c1\" data-element_type=\"widget\" data-e-type=\"widget\" data-widget_type=\"text-editor.default\">\n\t\t\t\t<div class=\"elementor-widget-container\">\n\t\t\t\t\t\t\t\t\t<p>I denne gruppen finner vi barn fra 2-4 \u00e5r. I denne alderen \u00f8ker barnas egen aktivitet stadig. Det er fortsatt g\u00f8y \u00e5 tumle omkring, men barna f\u00e5r ogs\u00e5 mer sans for det kreative. P\u00e5 Avdelingen jobber vi derfor med \u00e5 gi tid og plass til begge deler.<\/p><p>Barna har n\u00e5 mange interesser og liker ofte \u00e5 leke med biler, dukker og dyr. De maler, modellerer, baker og pusler. De ordner og sorterer etter st\u00f8rrelse og farger og l\u00e6rer p\u00e5 denne m\u00e5ten stadig flere begreper. I hverdagen p\u00e5 avdeling \u00f8ver vi p\u00e5; mitt og ditt, stor og liten, farger, antall, retninger og preposisjoner.<\/p>\t\t\t\t\t\t\t\t<\/div>\n\t\t\t\t<\/div>\n\t\t\t\t\t<\/div>\n\t\t<\/div>\n\t\t\t\t\t<\/div>\n\t\t<\/section>\n\t\t\t\t<section class=\"elementor-section elementor-inner-section elementor-element elementor-element-f397ec9 elementor-section-boxed elementor-section-height-default elementor-section-height-default\" data-id=\"f397ec9\" data-element_type=\"section\" data-e-type=\"section\">\n\t\t\t\t\t\t<div class=\"elementor-container elementor-column-gap-wider\">\n\t\t\t\t\t<div class=\"elementor-column elementor-col-50 elementor-inner-column elementor-element elementor-element-c4f85ae\" data-id=\"c4f85ae\" data-element_type=\"column\" data-e-type=\"column\">\n\t\t\t<div class=\"elementor-widget-wrap elementor-element-populated\">\n\t\t\t\t\t\t<div class=\"elementor-element elementor-element-e70a293 elementor-invisible elementor-widget elementor-widget-image\" data-id=\"e70a293\" data-element_type=\"widget\" data-e-type=\"widget\" data-settings=\"{&quot;_animation&quot;:&quot;fadeInRight&quot;,&quot;_animation_delay&quot;:400}\" data-widget_type=\"image.default\">\n\t\t\t\t<div class=\"elementor-widget-container\">\n\t\t\t\t\t\t\t\t\t\t\t\t\t\t\t<img loading=\"lazy\" decoding=\"async\" width=\"500\" height=\"60\" src=\"https:\/\/skogenbarnehage.no\/wp-content\/uploads\/2021\/02\/avd_haukene.png\" class=\"attachment-large size-large wp-image-57\" alt=\"\" srcset=\"https:\/\/skogenbarnehage.no\/wp-content\/uploads\/2021\/02\/avd_haukene.png 500w, https:\/\/skogenbarnehage.no\/wp-content\/uploads\/2021\/02\/avd_haukene-300x36.png 300w\" sizes=\"(max-width: 500px) 100vw, 500px\" \/>\t\t\t\t\t\t\t\t\t\t\t\t\t\t\t<\/div>\n\t\t\t\t<\/div>\n\t\t\t\t<div class=\"elementor-element elementor-element-48567d5 elementor-vertical-align-middle elementor-invisible elementor-widget elementor-widget-image-box\" data-id=\"48567d5\" data-element_type=\"widget\" data-e-type=\"widget\" data-settings=\"{&quot;_animation&quot;:&quot;fadeInRight&quot;,&quot;_animation_delay&quot;:400}\" data-widget_type=\"image-box.default\">\n\t\t\t\t<div class=\"elementor-widget-container\">\n\t\t\t\t\t<div class=\"elementor-image-box-wrapper\"><div class=\"elementor-image-box-content\"><p class=\"elementor-image-box-description\">Aldersgruppe: 5\u20136 \u00e5r\n<\/p><\/div><\/div>\t\t\t\t<\/div>\n\t\t\t\t<\/div>\n\t\t\t\t<div class=\"elementor-element elementor-element-0cb599a elementor-widget elementor-widget-text-editor\" data-id=\"0cb599a\" data-element_type=\"widget\" data-e-type=\"widget\" data-widget_type=\"text-editor.default\">\n\t\t\t\t<div class=\"elementor-widget-container\">\n\t\t\t\t\t\t\t\t\t<p>Denne avdelingen er barnehagens utegruppe. Her er barna ute stort sett hele dagen. Barna blir tatt med p\u00e5 turer i skogen i n\u00e6rmilj\u00f8et opp til tre ganger i uken, og er ellers i barnehagens flotte uteomr\u00e5det. Vi lager varm mat p\u00e5 b\u00e5l og bruker naturen som l\u00e6ringsarena i alle fagomr\u00e5dene. F\u00f8skolebarna har sitt siste \u00e5r i barnehagen og vi har fokus p\u00e5 skoleforberedene aktiviteter og gj\u00f8re barna mest mulig selvstendige frem mot skolestart. Haukene har f\u00e5tt sin egen avdeling inne i barnehagen, og vil benytte seg av den til f\u00f8rskolegruppe og andre aktiviteter.<\/p>\t\t\t\t\t\t\t\t<\/div>\n\t\t\t\t<\/div>\n\t\t\t\t\t<\/div>\n\t\t<\/div>\n\t\t\t\t<div class=\"elementor-column elementor-col-50 elementor-inner-column elementor-element elementor-element-b8344c3\" data-id=\"b8344c3\" data-element_type=\"column\" data-e-type=\"column\">\n\t\t\t<div class=\"elementor-widget-wrap\">\n\t\t\t\t\t\t\t<\/div>\n\t\t<\/div>\n\t\t\t\t\t<\/div>\n\t\t<\/section>\n\t\t\t\t\t<\/div>\n\t\t<\/div>\n\t\t\t\t\t<\/div>\n\t\t<\/section>\n\t\t\t\t<\/div>\n\t\t","protected":false},"excerpt":{"rendered":"<p>A V D E L I N G E R Aldersgruppe: 0\u20132 \u00e5r Skogen Barnehage har to sm\u00e5barnsavdelinger med barn i alderen 0\u20132 \u00e5r.\u00a0P\u00e5 en sm\u00e5barnsavdeling er det viktig \u00e5 ha fokus p\u00e5 trygghet. Dette sikrer vi i barnehagen ved \u00e5 ha en prim\u00e6rkontakt for hvert enkelt barn. I begynnelsen av barnehage\u00e5ret vektlegger vi \u00e5 [&hellip;]<\/p>\n","protected":false},"author":1,"featured_media":0,"parent":0,"menu_order":0,"comment_status":"closed","ping_status":"closed","template":"elementor_header_footer","meta":{"footnotes":""},"class_list":["post-315","page","type-page","status-publish","hentry"],"_links":{"self":[{"href":"https:\/\/skogenbarnehage.no\/index.php?rest_route=\/wp\/v2\/pages\/315","targetHints":{"allow":["GET"]}}],"collection":[{"href":"https:\/\/skogenbarnehage.no\/index.php?rest_route=\/wp\/v2\/pages"}],"about":[{"href":"https:\/\/skogenbarnehage.no\/index.php?rest_route=\/wp\/v2\/types\/page"}],"author":[{"embeddable":true,"href":"https:\/\/skogenbarnehage.no\/index.php?rest_route=\/wp\/v2\/users\/1"}],"replies":[{"embeddable":true,"href":"https:\/\/skogenbarnehage.no\/index.php?rest_route=%2Fwp%2Fv2%2Fcomments&post=315"}],"version-history":[{"count":26,"href":"https:\/\/skogenbarnehage.no\/index.php?rest_route=\/wp\/v2\/pages\/315\/revisions"}],"predecessor-version":[{"id":1305,"href":"https:\/\/skogenbarnehage.no\/index.php?rest_route=\/wp\/v2\/pages\/315\/revisions\/1305"}],"wp:attachment":[{"href":"https:\/\/skogenbarnehage.no\/index.php?rest_route=%2Fwp%2Fv2%2Fmedia&parent=315"}],"curies":[{"name":"wp","href":"https:\/\/api.w.org\/{rel}","templated":true}]}}